{"id":2,"date":"2025-10-20T19:03:37","date_gmt":"2025-10-20T19:03:37","guid":{"rendered":"https:\/\/web2501.forbrands.co\/?page_id=2"},"modified":"2026-03-27T20:27:15","modified_gmt":"2026-03-27T20:27:15","slug":"sample-page","status":"publish","type":"page","link":"https:\/\/web2501.forbrands.co\/","title":{"rendered":""},"content":{"rendered":"\t\t<div data-elementor-type=\"wp-page\" data-elementor-id=\"2\" class=\"elementor elementor-2\">\n\t\t\t\t<div class=\"elementor-element elementor-element-f6c9c9a e-con-full e-grid e-con e-parent\" data-id=\"f6c9c9a\" data-element_type=\"container\" data-e-type=\"container\">\n\t\t\t\t<div class=\"elementor-element elementor-element-91de325 elementor-widget elementor-widget-image\" data-id=\"91de325\" data-element_type=\"widget\" data-e-type=\"widget\" data-widget_type=\"image.default\">\n\t\t\t\t\t\t\t\t\t\t\t\t\t\t\t<img fetchpriority=\"high\" decoding=\"async\" width=\"640\" height=\"640\" src=\"https:\/\/web2501.forbrands.co\/wp-content\/uploads\/2026\/03\/ifxa53246e165f29cff_IDT_2-2.png\" class=\"attachment-large size-large wp-image-136\" alt=\"\" srcset=\"https:\/\/web2501.forbrands.co\/wp-content\/uploads\/2026\/03\/ifxa53246e165f29cff_IDT_2-2.png 640w, https:\/\/web2501.forbrands.co\/wp-content\/uploads\/2026\/03\/ifxa53246e165f29cff_IDT_2-2-300x300.png 300w, https:\/\/web2501.forbrands.co\/wp-content\/uploads\/2026\/03\/ifxa53246e165f29cff_IDT_2-2-150x150.png 150w\" sizes=\"(max-width: 640px) 100vw, 640px\" \/>\t\t\t\t\t\t\t\t\t\t\t\t\t\t\t<\/div>\n\t\t<div class=\"elementor-element elementor-element-31e2d7b e-con-full e-flex e-con e-child\" data-id=\"31e2d7b\" data-element_type=\"container\" data-e-type=\"container\">\n\t\t\t\t<div class=\"elementor-element elementor-element-928c6ae elementor-widget elementor-widget-heading\" data-id=\"928c6ae\" data-element_type=\"widget\" data-e-type=\"widget\" data-widget_type=\"heading.default\">\n\t\t\t\t\t<h4 class=\"elementor-heading-title elementor-size-default\">\u0160tuduj odbor bud\u00facnosti<\/h4>\t\t\t\t<\/div>\n\t\t\t\t<div class=\"elementor-element elementor-element-690b9a8c elementor-widget elementor-widget-text-editor\" data-id=\"690b9a8c\" data-element_type=\"widget\" data-e-type=\"widget\" data-widget_type=\"text-editor.default\">\n\t\t\t\t\t\t\t\t\t<p>Sme stredn\u00e1 odborn\u00e1 \u0161kola, ktor\u00e1 rozv\u00edja digit\u00e1lne zru\u010dnosti, podporuje kreativitu a\u202fu\u010d\u00ed \u017eiakov myslie\u0165 kriticky aj prakticky. Prep\u00e1jame odborn\u00e9 vzdel\u00e1vanie s\u202frobotikou, po\u010d\u00edta\u010dov\u00fdmi a neur\u00f3nov\u00fdmi sie\u0165ami, umelou inteligenciou a\u202fErasmus+ mobilitami, v\u010faka ktor\u00fdm na\u0161i \u0161tudenti rast\u00fa doma aj v zahrani\u010d\u00ed. Pon\u00fakame \u017eiadan\u00fd odbor IDT Informa\u010dn\u00e9 a digit\u00e1lne technol\u00f3gie, ktor\u00fd otv\u00e1ra dvere do sveta IT, robotiky, inov\u00e1ci\u00ed a\u202ftechnick\u00fdch profesi\u00ed. U n\u00e1s nach\u00e1dzaj\u00fa uplatnenie chlapci aj diev\u010dat\u00e1, ktor\u00ed chc\u00fa napredova\u0165, tvori\u0165 a objavova\u0165 nov\u00e9 pr\u00edle\u017eitosti. Vzdel\u00e1vame s\u202frados\u0165ou, s\u202fprofesion\u00e1lnym nasaden\u00edm a\u202fs\u202fpresved\u010den\u00edm, \u017ee ka\u017ed\u00fd \u017eiak dok\u00e1\u017ee uspie\u0165, ak dostane spr\u00e1vnu podporu a\u202fprostredie, v ktorom m\u00f4\u017ee r\u00e1s\u0165.<\/p>\t\t\t\t\t\t\t\t<\/div>\n\t\t\t\t<\/div>\n\t\t\t\t<\/div>\n\t\t<div class=\"elementor-element elementor-element-eab553c e-flex e-con-boxed e-con e-parent\" data-id=\"eab553c\" data-element_type=\"container\" data-e-type=\"container\">\n\t\t\t\t\t<div class=\"e-con-inner\">\n\t\t\t\t<div class=\"elementor-element elementor-element-29007bb section-title-style-default section-title-align-left title-alignment-center meta-visibility-show title_position_default title_hover_border_default title-default img_hover_animation_default meta_position_default readmore-btn-default-style grid-hover-overlay-type-always tpg-el-box-border-enable tpg-border-bottom-disable elementor-widget elementor-widget-tpg-grid-layout\" data-id=\"29007bb\" data-element_type=\"widget\" data-e-type=\"widget\" data-widget_type=\"tpg-grid-layout.default\">\n\t\t\t\t<div class=\"elementor-widget-container\">\n\t\t\t\t\t\t\t<div class=\"rt-container-fluid rt-tpg-container tpg-el-main-wrapper clearfix grid-layout4-main  has-external-link\"\n\t\t\t id=\"rt-tpg-container-57161887\"\n\t\t\t data-layout=\"grid-layout4\"\n\t\t\t data-grid-style=\"tpg-full-height\"\n\t\t\t data-sc-id=\"elementor\"\n\t\t\t data-el-settings=''\n\t\t\t data-el-query=''\n\t\t\t data-el-path=''\n\t\t>\n\t\t\t\t\t\t<div class='tpg-header-wrapper '>\n\t\t\t\t\n        <div class=\"tpg-widget-heading-wrapper rt-clear heading-default \">\n            <span class=\"tpg-widget-heading-line line-left\"><\/span>\n\t\t\t<h2 class='tpg-widget-heading'>\n\t\t\t\n\t\t\t\t                    <span>\n\t\t\t\t\t\tAktuality\t\t\t\t\t<\/span>\n\t\t\t\t\t\n\t\t\t\t\t\t\t<\/h2>            <span class=\"tpg-widget-heading-line line-right\"><\/span>\n\n\t\t\t                <a class='external-link' href=''  >\n\t\t\t\t\t                        <span class=\"external-lable\">Ostatn\u00e9 aktuality<\/span>\n\t\t\t\t\t\t\t\t\t\t<i class='left-icon fas fa-angle-right left-icon'><\/i>                <\/a>\n\t\t\t\n        <\/div>\n\n\t\t\n\t\t\t\t\t<\/div>\n\n\t\t\t<div data-title=\"Loading ...\" class=\"rt-row rt-content-loader grid-layout4 grid-behaviour tpg-full-height grid_layout_wrapper\">\n\t\t\t\t\n<div class=\"rt-col-md-6 rt-col-sm-6 rt-col-xs-12 default rt-grid-item\" data-id=\"22\">\n\t<div class=\"rt-holder tpg-post-holder \">\n\t\t<div class=\"rt-detail rt-el-content-wrapper\">\n\t\t\t\t\t\t\t<div class=\"rt-img-holder tpg-el-image-wrap has-no-thumbnail\">\n\t\t\t\t\t<a data-id=\"22\" href=\"https:\/\/web2501.forbrands.co\/?p=22\" class=\"tpg-post-link\" target=\"_self\">\t\t\n\t\t<\/a>\n\t\t        <div class=\"overlay grid-hover-content\"><\/div>\n\t\t\t\t\t\t<\/div>\n\t\t\t\n\t\t\t<div class=\"entry-title-wrapper\"><h3 class=\"entry-title\"><a data-id=\"22\" href=\"https:\/\/web2501.forbrands.co\/?p=22\" class=\"tpg-post-link\" target=\"_self\">Testovac\u00ed post 3<\/a><\/h3><\/div>\n\t\t\t\t\t\t\t<div class=\"post-meta-tags rt-el-post-meta\">\n\t\t\t\t\t            <span class='date'>\n\t\t\t\t<i class='far fa-calendar-alt '><\/i>\t\t\t\t                    <a href=\"https:\/\/web2501.forbrands.co\/?m=20251211\">\n\t\t\t\t\tDecember 11, 2025\t\t\t\t<\/a>\n\t\t\t\t\t\t\t<\/span>\n\t\t\t\t\t\t\t<\/div>\n\t\t\t\n\t\t\t\t\t\t\t<div class=\"tpg-excerpt tpg-el-excerpt\">\n\t\t\t\t\t\t\t\t\t\t\t<div class=\"tpg-excerpt-inner\">\n\t\t\t\t\t\t\tVo \u0161tvrtok 4.\u00a0decembra 2025 sme sa vybrali na\u00a0\u0161kolsk\u00fd v\u00fdlet do\u00a0Brna, ktor\u00fd sa niesol v\u00a0znamen\u00ed pr\u00edrody, hist\u00f3rie a\u00a0predviano\u010dnej atmosf\u00e9ry. Na\u0161e putovanie za\u010dalo v\u00a0Punkevnej jaskyni, kde sme...\t\t\t\t\t\t<\/div>\n\t\t\t\t\t\t\t\t\t\t\t\t\t\t<\/div>\n\t\t\t\n\t\t\t        <div class=\"post-footer\">\n            <div class=\"post-footer\">\n                <div class=\"read-more\">\n\t\t\t\t\t<a data-id=\"22\" href=\"https:\/\/web2501.forbrands.co\/?p=22\" class=\"tpg-post-link\" target=\"_self\">\u010c\u00edtaj viac<\/a>                <\/div>\n            <\/div>\n        <\/div>\n\t\t\t\t<\/div>\n\t<\/div>\n<\/div>\n\n<div class=\"rt-col-md-6 rt-col-sm-6 rt-col-xs-12 default rt-grid-item\" data-id=\"20\">\n\t<div class=\"rt-holder tpg-post-holder \">\n\t\t<div class=\"rt-detail rt-el-content-wrapper\">\n\t\t\t\t\t\t\t<div class=\"rt-img-holder tpg-el-image-wrap has-no-thumbnail\">\n\t\t\t\t\t<a data-id=\"20\" href=\"https:\/\/web2501.forbrands.co\/?p=20\" class=\"tpg-post-link\" target=\"_self\">\t\t\n\t\t<\/a>\n\t\t        <div class=\"overlay grid-hover-content\"><\/div>\n\t\t\t\t\t\t<\/div>\n\t\t\t\n\t\t\t<div class=\"entry-title-wrapper\"><h3 class=\"entry-title\"><a data-id=\"20\" href=\"https:\/\/web2501.forbrands.co\/?p=20\" class=\"tpg-post-link\" target=\"_self\">Testovac\u00ed post 2<\/a><\/h3><\/div>\n\t\t\t\t\t\t\t<div class=\"post-meta-tags rt-el-post-meta\">\n\t\t\t\t\t            <span class='date'>\n\t\t\t\t<i class='far fa-calendar-alt '><\/i>\t\t\t\t                    <a href=\"https:\/\/web2501.forbrands.co\/?m=20251211\">\n\t\t\t\t\tDecember 11, 2025\t\t\t\t<\/a>\n\t\t\t\t\t\t\t<\/span>\n\t\t\t\t\t\t\t<\/div>\n\t\t\t\n\t\t\t\t\t\t\t<div class=\"tpg-excerpt tpg-el-excerpt\">\n\t\t\t\t\t\t\t\t\t\t\t<div class=\"tpg-excerpt-inner\">\n\t\t\t\t\t\t\tRobotick\u00e1 s\u00fa\u0165a\u017e SUMO op\u00e4\u0165 pril\u00e1kala viac ne\u017e 50&nbsp;mlad\u00fdch inov\u00e1torov. Na&nbsp;na\u0161ej \u0161kole sa uskuto\u010dnil \u010fal\u0161\u00ed ro\u010dn\u00edk ob\u013e\u00fabenej robotickej s\u00fa\u0165a\u017ee v&nbsp;kateg\u00f3rii SUMO, ktor\u00fd aj tentokr\u00e1t pril\u00e1kal...\t\t\t\t\t\t<\/div>\n\t\t\t\t\t\t\t\t\t\t\t\t\t\t<\/div>\n\t\t\t\n\t\t\t        <div class=\"post-footer\">\n            <div class=\"post-footer\">\n                <div class=\"read-more\">\n\t\t\t\t\t<a data-id=\"20\" href=\"https:\/\/web2501.forbrands.co\/?p=20\" class=\"tpg-post-link\" target=\"_self\">\u010c\u00edtaj viac<\/a>                <\/div>\n            <\/div>\n        <\/div>\n\t\t\t\t<\/div>\n\t<\/div>\n<\/div>\n\n<div class=\"rt-col-md-6 rt-col-sm-6 rt-col-xs-12 default rt-grid-item\" data-id=\"1\">\n\t<div class=\"rt-holder tpg-post-holder \">\n\t\t<div class=\"rt-detail rt-el-content-wrapper\">\n\t\t\t\t\t\t\t<div class=\"rt-img-holder tpg-el-image-wrap has-no-thumbnail\">\n\t\t\t\t\t<a data-id=\"1\" href=\"https:\/\/web2501.forbrands.co\/?p=1\" class=\"tpg-post-link\" target=\"_self\">\t\t\n\t\t<\/a>\n\t\t        <div class=\"overlay grid-hover-content\"><\/div>\n\t\t\t\t\t\t<\/div>\n\t\t\t\n\t\t\t<div class=\"entry-title-wrapper\"><h3 class=\"entry-title\"><a data-id=\"1\" href=\"https:\/\/web2501.forbrands.co\/?p=1\" class=\"tpg-post-link\" target=\"_self\">Hello world!<\/a><\/h3><\/div>\n\t\t\t\t\t\t\t<div class=\"post-meta-tags rt-el-post-meta\">\n\t\t\t\t\t            <span class='date'>\n\t\t\t\t<i class='far fa-calendar-alt '><\/i>\t\t\t\t                    <a href=\"https:\/\/web2501.forbrands.co\/?m=20251020\">\n\t\t\t\t\tOctober 20, 2025\t\t\t\t<\/a>\n\t\t\t\t\t\t\t<\/span>\n\t\t\t\t\t\t\t<\/div>\n\t\t\t\n\t\t\t\t\t\t\t<div class=\"tpg-excerpt tpg-el-excerpt\">\n\t\t\t\t\t\t\t\t\t\t\t<div class=\"tpg-excerpt-inner\">\n\t\t\t\t\t\t\tWelcome to WordPress. This is your first post. Edit or delete it, then start writing!...\t\t\t\t\t\t<\/div>\n\t\t\t\t\t\t\t\t\t\t\t\t\t\t<\/div>\n\t\t\t\n\t\t\t        <div class=\"post-footer\">\n            <div class=\"post-footer\">\n                <div class=\"read-more\">\n\t\t\t\t\t<a data-id=\"1\" href=\"https:\/\/web2501.forbrands.co\/?p=1\" class=\"tpg-post-link\" target=\"_self\">\u010c\u00edtaj viac<\/a>                <\/div>\n            <\/div>\n        <\/div>\n\t\t\t\t<\/div>\n\t<\/div>\n<\/div>\n\t\t\t<\/div>\n\t\t\t\n\t\t<\/div>\n\t\t\t\t\t\t<\/div>\n\t\t\t\t<\/div>\n\t\t\t\t\t<\/div>\n\t\t\t\t<\/div>\n\t\t<div class=\"elementor-element elementor-element-dc58ff6 e-flex e-con-boxed e-con e-parent\" data-id=\"dc58ff6\" data-element_type=\"container\" data-e-type=\"container\">\n\t\t\t\t\t<div class=\"e-con-inner\">\n\t\t\t\t\t<\/div>\n\t\t\t\t<\/div>\n\t\t\t\t<\/div>\n\t\t","protected":false},"excerpt":{"rendered":"<p>\u0160tuduj odbor bud\u00facnosti Sme stredn\u00e1 odborn\u00e1 \u0161kola, ktor\u00e1 rozv\u00edja digit\u00e1lne zru\u010dnosti, podporuje kreativitu a\u202fu\u010d\u00ed \u017eiakov myslie\u0165 kriticky aj prakticky. Prep\u00e1jame odborn\u00e9 vzdel\u00e1vanie s\u202frobotikou, po\u010d\u00edta\u010dov\u00fdmi a neur\u00f3nov\u00fdmi sie\u0165ami, umelou inteligenciou a\u202fErasmus+ mobilitami, v\u010faka ktor\u00fdm na\u0161i \u0161tudenti rast\u00fa doma aj v zahrani\u010d\u00ed. Pon\u00fakame \u017eiadan\u00fd odbor IDT Informa\u010dn\u00e9 a digit\u00e1lne technol\u00f3gie, ktor\u00fd otv\u00e1ra dvere do sveta IT, robotiky, [&hellip;]<\/p>\n","protected":false},"author":1,"featured_media":0,"parent":0,"menu_order":0,"comment_status":"closed","ping_status":"open","template":"","meta":{"tpgb_global_settings":"","footnotes":""},"class_list":["post-2","page","type-page","status-publish","hentry"],"tpgb_featured_images":null,"tpgb_post_meta_info":{"get_date":"October 20, 2025","get_modified_date":"March 27, 2026","author_name":"admin","author_url":"https:\/\/web2501.forbrands.co\/?author=1","author_email":"admin@forbrands.eu","author_website":"https:\/\/web2501.forbrands.co","author_description":"","author_facebook":"","author_twitter":"","author_instagram":"","author_role":["administrator"],"author_firstname":"","author_lastname":"","user_login":"admin","author_avatar":"<img alt='' src='https:\/\/secure.gravatar.com\/avatar\/3f5828218ac480f1bc67ede3f234d79a25f0bafc389b5af24c79afe6971b4f1a?s=200&#038;d=mm&#038;r=g' srcset='https:\/\/secure.gravatar.com\/avatar\/3f5828218ac480f1bc67ede3f234d79a25f0bafc389b5af24c79afe6971b4f1a?s=400&#038;d=mm&#038;r=g 2x' class='avatar avatar-200 photo' height='200' width='200' decoding='async'\/>","author_avatar_url":"https:\/\/secure.gravatar.com\/avatar\/3f5828218ac480f1bc67ede3f234d79a25f0bafc389b5af24c79afe6971b4f1a?s=96&d=mm&r=g","comment_count":0,"post_likes":0,"post_views":0},"tpgb_post_category":[],"rttpg_featured_image_url":null,"rttpg_author":{"display_name":"admin","author_link":"https:\/\/web2501.forbrands.co\/?author=1"},"rttpg_comment":0,"rttpg_category":"","rttpg_excerpt":"\u0160tuduj odbor bud\u00facnosti Sme stredn\u00e1 odborn\u00e1 \u0161kola, ktor\u00e1 rozv\u00edja digit\u00e1lne zru\u010dnosti, podporuje kreativitu a\u202fu\u010d\u00ed \u017eiakov myslie\u0165 kriticky aj prakticky. Prep\u00e1jame odborn\u00e9 vzdel\u00e1vanie s\u202frobotikou, po\u010d\u00edta\u010dov\u00fdmi a neur\u00f3nov\u00fdmi sie\u0165ami, umelou inteligenciou a\u202fErasmus+ mobilitami, v\u010faka ktor\u00fdm na\u0161i \u0161tudenti rast\u00fa doma aj v zahrani\u010d\u00ed. Pon\u00fakame \u017eiadan\u00fd odbor IDT Informa\u010dn\u00e9 a digit\u00e1lne technol\u00f3gie, ktor\u00fd otv\u00e1ra dvere do sveta IT, robotiky,&hellip;","_links":{"self":[{"href":"https:\/\/web2501.forbrands.co\/index.php?rest_route=\/wp\/v2\/pages\/2","targetHints":{"allow":["GET"]}}],"collection":[{"href":"https:\/\/web2501.forbrands.co\/index.php?rest_route=\/wp\/v2\/pages"}],"about":[{"href":"https:\/\/web2501.forbrands.co\/index.php?rest_route=\/wp\/v2\/types\/page"}],"author":[{"embeddable":true,"href":"https:\/\/web2501.forbrands.co\/index.php?rest_route=\/wp\/v2\/users\/1"}],"replies":[{"embeddable":true,"href":"https:\/\/web2501.forbrands.co\/index.php?rest_route=%2Fwp%2Fv2%2Fcomments&post=2"}],"version-history":[{"count":5,"href":"https:\/\/web2501.forbrands.co\/index.php?rest_route=\/wp\/v2\/pages\/2\/revisions"}],"predecessor-version":[{"id":255,"href":"https:\/\/web2501.forbrands.co\/index.php?rest_route=\/wp\/v2\/pages\/2\/revisions\/255"}],"wp:attachment":[{"href":"https:\/\/web2501.forbrands.co\/index.php?rest_route=%2Fwp%2Fv2%2Fmedia&parent=2"}],"curies":[{"name":"wp","href":"https:\/\/api.w.org\/{rel}","templated":true}]}}